{"id":18058,"date":"2024-04-25T15:36:56","date_gmt":"2024-04-25T12:36:56","guid":{"rendered":"https:\/\/ehitustiim.ee\/mainpage\/"},"modified":"2024-04-25T15:37:13","modified_gmt":"2024-04-25T12:37:13","slug":"mainpage","status":"publish","type":"page","link":"https:\/\/ehitustiim.ee\/","title":{"rendered":"Mainpage"},"content":{"rendered":"","protected":false},"excerpt":{"rendered":"","protected":false},"author":10,"featured_media":0,"parent":0,"menu_order":0,"comment_status":"closed","ping_status":"closed","template":"page-templates\/page-blank.php","meta":{"footnotes":""},"class_list":["post-18058","page","type-page","status-publish","hentry"],"yoast_head":"<!-- This site is optimized with the Yoast SEO plugin v27.4 - https:\/\/yoast.com\/product\/yoast-seo-wordpress\/ -->\n<title>EHITUSTIIM O\u00dc | Anna oma kodule uus elu, s\u00e4ra ja kvaliteet!<\/title>\n<meta name=\"description\" content=\"Tegeleme professionaalsete fassaadit\u00f6\u00f6dega, pakkudes soojustamist, remonti, v\u00e4rvimist, klaasimist ja muud, et taastada, kaitsta ja v\u00e4rskendada hoone v\u00e4lisilmet.\" \/>\n<meta name=\"robots\" content=\"index, follow, max-snippet:-1, max-image-preview:large, max-video-preview:-1\" \/>\n<link rel=\"canonical\" href=\"https:\/\/ehitustiim.ee\/\" \/>\n<meta property=\"og:locale\" content=\"et_EE\" \/>\n<meta property=\"og:type\" content=\"article\" \/>\n<meta property=\"og:title\" content=\"EHITUSTIIM O\u00dc | Anna oma kodule uus elu, s\u00e4ra ja kvaliteet!\" \/>\n<meta property=\"og:description\" content=\"Tegeleme professionaalsete fassaadit\u00f6\u00f6dega, pakkudes soojustamist, remonti, v\u00e4rvimist, klaasimist ja muud, et taastada, kaitsta ja v\u00e4rskendada hoone v\u00e4lisilmet.\" \/>\n<meta property=\"og:url\" content=\"https:\/\/ehitustiim.ee\/\" \/>\n<meta property=\"og:site_name\" content=\"EHITUSTIIM O\u00dc\" \/>\n<meta property=\"article:modified_time\" content=\"2024-04-25T12:37:13+00:00\" \/>\n<meta property=\"og:image\" content=\"https:\/\/ehitustiim.ee\/wp-content\/uploads\/2024\/08\/blue-skyscraper-facade-2023-11-27-05-16-26-utc.mp4\" \/>\n<meta name=\"twitter:card\" content=\"summary_large_image\" \/>\n<script type=\"application\/ld+json\" class=\"yoast-schema-graph\">{\"@context\":\"https:\\\/\\\/schema.org\",\"@graph\":[{\"@type\":\"WebPage\",\"@id\":\"https:\\\/\\\/ehitustiim.ee\\\/\",\"url\":\"https:\\\/\\\/ehitustiim.ee\\\/\",\"name\":\"EHITUSTIIM O\u00dc | Anna oma kodule uus elu, s\u00e4ra ja kvaliteet!\",\"isPartOf\":{\"@id\":\"https:\\\/\\\/ehitustiim.ee\\\/#website\"},\"datePublished\":\"2024-04-25T12:36:56+00:00\",\"dateModified\":\"2024-04-25T12:37:13+00:00\",\"description\":\"Tegeleme professionaalsete fassaadit\u00f6\u00f6dega, pakkudes soojustamist, remonti, v\u00e4rvimist, klaasimist ja muud, et taastada, kaitsta ja v\u00e4rskendada hoone v\u00e4lisilmet.\",\"breadcrumb\":{\"@id\":\"https:\\\/\\\/ehitustiim.ee\\\/#breadcrumb\"},\"inLanguage\":\"et\",\"potentialAction\":[{\"@type\":\"ReadAction\",\"target\":[\"https:\\\/\\\/ehitustiim.ee\\\/\"]}]},{\"@type\":\"BreadcrumbList\",\"@id\":\"https:\\\/\\\/ehitustiim.ee\\\/#breadcrumb\",\"itemListElement\":[{\"@type\":\"ListItem\",\"position\":1,\"name\":\"Avaleht\",\"item\":\"https:\\\/\\\/ehitustiim.ee\\\/\"},{\"@type\":\"ListItem\",\"position\":2,\"name\":\"Mainpage\"}]},{\"@type\":\"WebSite\",\"@id\":\"https:\\\/\\\/ehitustiim.ee\\\/#website\",\"url\":\"https:\\\/\\\/ehitustiim.ee\\\/\",\"name\":\"Teema0\",\"description\":\"Anna oma kodule uus elu, s\u00e4ra ja kvaliteet!\",\"publisher\":{\"@id\":\"https:\\\/\\\/ehitustiim.ee\\\/#organization\"},\"potentialAction\":[{\"@type\":\"SearchAction\",\"target\":{\"@type\":\"EntryPoint\",\"urlTemplate\":\"https:\\\/\\\/ehitustiim.ee\\\/?s={search_term_string}\"},\"query-input\":{\"@type\":\"PropertyValueSpecification\",\"valueRequired\":true,\"valueName\":\"search_term_string\"}}],\"inLanguage\":\"et\"},{\"@type\":\"Organization\",\"@id\":\"https:\\\/\\\/ehitustiim.ee\\\/#organization\",\"name\":\"EHITUSTIIM O\u00dc\",\"url\":\"https:\\\/\\\/ehitustiim.ee\\\/\",\"logo\":{\"@type\":\"ImageObject\",\"inLanguage\":\"et\",\"@id\":\"https:\\\/\\\/ehitustiim.ee\\\/#\\\/schema\\\/logo\\\/image\\\/\",\"url\":\"https:\\\/\\\/ehitustiim.ee\\\/wp-content\\\/uploads\\\/2024\\\/08\\\/14432890_EHITUSTIIM-OU_63014159_a_m.png\",\"contentUrl\":\"https:\\\/\\\/ehitustiim.ee\\\/wp-content\\\/uploads\\\/2024\\\/08\\\/14432890_EHITUSTIIM-OU_63014159_a_m.png\",\"width\":455,\"height\":455,\"caption\":\"EHITUSTIIM O\u00dc\"},\"image\":{\"@id\":\"https:\\\/\\\/ehitustiim.ee\\\/#\\\/schema\\\/logo\\\/image\\\/\"}}]}<\/script>\n<!-- \/ Yoast SEO plugin. -->","yoast_head_json":{"title":"EHITUSTIIM O\u00dc | Anna oma kodule uus elu, s\u00e4ra ja kvaliteet!","description":"Tegeleme professionaalsete fassaadit\u00f6\u00f6dega, pakkudes soojustamist, remonti, v\u00e4rvimist, klaasimist ja muud, et taastada, kaitsta ja v\u00e4rskendada hoone v\u00e4lisilmet.","robots":{"index":"index","follow":"follow","max-snippet":"max-snippet:-1","max-image-preview":"max-image-preview:large","max-video-preview":"max-video-preview:-1"},"canonical":"https:\/\/ehitustiim.ee\/","og_locale":"et_EE","og_type":"article","og_title":"EHITUSTIIM O\u00dc | Anna oma kodule uus elu, s\u00e4ra ja kvaliteet!","og_description":"Tegeleme professionaalsete fassaadit\u00f6\u00f6dega, pakkudes soojustamist, remonti, v\u00e4rvimist, klaasimist ja muud, et taastada, kaitsta ja v\u00e4rskendada hoone v\u00e4lisilmet.","og_url":"https:\/\/ehitustiim.ee\/","og_site_name":"EHITUSTIIM O\u00dc","article_modified_time":"2024-04-25T12:37:13+00:00","og_image":[{"url":"https:\/\/ehitustiim.ee\/wp-content\/uploads\/2024\/08\/blue-skyscraper-facade-2023-11-27-05-16-26-utc.mp4","type":"","width":"","height":""}],"twitter_card":"summary_large_image","schema":{"@context":"https:\/\/schema.org","@graph":[{"@type":"WebPage","@id":"https:\/\/ehitustiim.ee\/","url":"https:\/\/ehitustiim.ee\/","name":"EHITUSTIIM O\u00dc | Anna oma kodule uus elu, s\u00e4ra ja kvaliteet!","isPartOf":{"@id":"https:\/\/ehitustiim.ee\/#website"},"datePublished":"2024-04-25T12:36:56+00:00","dateModified":"2024-04-25T12:37:13+00:00","description":"Tegeleme professionaalsete fassaadit\u00f6\u00f6dega, pakkudes soojustamist, remonti, v\u00e4rvimist, klaasimist ja muud, et taastada, kaitsta ja v\u00e4rskendada hoone v\u00e4lisilmet.","breadcrumb":{"@id":"https:\/\/ehitustiim.ee\/#breadcrumb"},"inLanguage":"et","potentialAction":[{"@type":"ReadAction","target":["https:\/\/ehitustiim.ee\/"]}]},{"@type":"BreadcrumbList","@id":"https:\/\/ehitustiim.ee\/#breadcrumb","itemListElement":[{"@type":"ListItem","position":1,"name":"Avaleht","item":"https:\/\/ehitustiim.ee\/"},{"@type":"ListItem","position":2,"name":"Mainpage"}]},{"@type":"WebSite","@id":"https:\/\/ehitustiim.ee\/#website","url":"https:\/\/ehitustiim.ee\/","name":"Teema0","description":"Anna oma kodule uus elu, s\u00e4ra ja kvaliteet!","publisher":{"@id":"https:\/\/ehitustiim.ee\/#organization"},"potentialAction":[{"@type":"SearchAction","target":{"@type":"EntryPoint","urlTemplate":"https:\/\/ehitustiim.ee\/?s={search_term_string}"},"query-input":{"@type":"PropertyValueSpecification","valueRequired":true,"valueName":"search_term_string"}}],"inLanguage":"et"},{"@type":"Organization","@id":"https:\/\/ehitustiim.ee\/#organization","name":"EHITUSTIIM O\u00dc","url":"https:\/\/ehitustiim.ee\/","logo":{"@type":"ImageObject","inLanguage":"et","@id":"https:\/\/ehitustiim.ee\/#\/schema\/logo\/image\/","url":"https:\/\/ehitustiim.ee\/wp-content\/uploads\/2024\/08\/14432890_EHITUSTIIM-OU_63014159_a_m.png","contentUrl":"https:\/\/ehitustiim.ee\/wp-content\/uploads\/2024\/08\/14432890_EHITUSTIIM-OU_63014159_a_m.png","width":455,"height":455,"caption":"EHITUSTIIM O\u00dc"},"image":{"@id":"https:\/\/ehitustiim.ee\/#\/schema\/logo\/image\/"}}]}},"_links":{"self":[{"href":"https:\/\/ehitustiim.ee\/index.php?rest_route=\/wp\/v2\/pages\/18058","targetHints":{"allow":["GET"]}}],"collection":[{"href":"https:\/\/ehitustiim.ee\/index.php?rest_route=\/wp\/v2\/pages"}],"about":[{"href":"https:\/\/ehitustiim.ee\/index.php?rest_route=\/wp\/v2\/types\/page"}],"author":[{"embeddable":true,"href":"https:\/\/ehitustiim.ee\/index.php?rest_route=\/wp\/v2\/users\/10"}],"replies":[{"embeddable":true,"href":"https:\/\/ehitustiim.ee\/index.php?rest_route=%2Fwp%2Fv2%2Fcomments&post=18058"}],"version-history":[{"count":1,"href":"https:\/\/ehitustiim.ee\/index.php?rest_route=\/wp\/v2\/pages\/18058\/revisions"}],"predecessor-version":[{"id":18059,"href":"https:\/\/ehitustiim.ee\/index.php?rest_route=\/wp\/v2\/pages\/18058\/revisions\/18059"}],"wp:attachment":[{"href":"https:\/\/ehitustiim.ee\/index.php?rest_route=%2Fwp%2Fv2%2Fmedia&parent=18058"}],"curies":[{"name":"wp","href":"https:\/\/api.w.org\/{rel}","templated":true}]}}